{"id":548,"date":"2018-06-21T06:47:43","date_gmt":"2018-06-21T06:47:43","guid":{"rendered":"https:\/\/fonaholstein.mx\/2026\/?page_id=548"},"modified":"2026-02-13T20:52:50","modified_gmt":"2026-02-13T20:52:50","slug":"contacto","status":"publish","type":"page","link":"https:\/\/fonaholstein.mx\/2026\/contacto\/","title":{"rendered":"Contacto"},"content":{"rendered":"\t\t<div data-elementor-type=\"wp-post\" data-elementor-id=\"548\" class=\"elementor elementor-548\">\n\t\t\t\t\t\t<div class=\"elementor-section elementor-top-section elementor-element elementor-element-479e246 elementor-section-stretched elementor-section-boxed elementor-section-height-default elementor-section-height-default\" data-id=\"479e246\" data-element_type=\"section\" data-e-type=\"section\" data-settings=\"{&quot;stretch_section&quot;:&quot;section-stretched&quot;,&quot;background_background&quot;:&quot;classic&quot;}\">\n\t\t\t\t\t\t\t<div class=\"elementor-background-overlay\"><\/div>\n\t\t\t\t\t\t\t<div class=\"elementor-container elementor-column-gap-no\">\n\t\t\t\t\t<div class=\"elementor-column elementor-col-50 elementor-top-column elementor-element elementor-element-a4f5728\" data-id=\"a4f5728\" data-element_type=\"column\" data-e-type=\"column\">\n\t\t\t<div class=\"elementor-widget-wrap elementor-element-populated\">\n\t\t\t\t\t\t<div class=\"elementor-element elementor-element-9f61b0f elementor-widget elementor-widget-heading\" data-id=\"9f61b0f\" data-element_type=\"widget\" data-e-type=\"widget\" data-widget_type=\"heading.default\">\n\t\t\t\t<div class=\"elementor-widget-container\">\n\t\t\t\t\t<h2 class=\"elementor-heading-title elementor-size-default\">\u00a1Cont\u00e1ctanos!\u00a0<\/h2>\t\t\t\t<\/div>\n\t\t\t\t<\/div>\n\t\t\t\t<div class=\"elementor-element elementor-element-35b6333 elementor-widget elementor-widget-text-editor\" data-id=\"35b6333\" data-element_type=\"widget\" data-e-type=\"widget\" data-widget_type=\"text-editor.default\">\n\t\t\t\t<div class=\"elementor-widget-container\">\n\t\t\t\t\t\t\t\t\t<div class=\"fusion-text fusion-text-4 fusion-text-no-margin\"><p>\u00bfEst\u00e1s interesando en adquirir un stand o paquete de patrocinio en <strong>FONA Holstein 2026<\/strong>?<br \/>Llena el formulario y en breve te contactaremos.<\/p><\/div>\t\t\t\t\t\t\t\t<\/div>\n\t\t\t\t<\/div>\n\t\t\t\t<div class=\"elementor-element elementor-element-18be987 elementor-widget elementor-widget-shortcode\" data-id=\"18be987\" data-element_type=\"widget\" data-e-type=\"widget\" data-widget_type=\"shortcode.default\">\n\t\t\t\t<div class=\"elementor-widget-container\">\n\t\t\t\t\t\t\t<div class=\"elementor-shortcode\">\n<div class=\"wpcf7 no-js\" id=\"wpcf7-f8-o1\" lang=\"en-US\" dir=\"ltr\" data-wpcf7-id=\"8\">\n<div class=\"screen-reader-response\"><p role=\"status\" aria-live=\"polite\" aria-atomic=\"true\"><\/p> <ul><\/ul><\/div>\n<form action=\"\/2026\/wp-json\/wp\/v2\/pages\/548#wpcf7-f8-o1\" method=\"post\" class=\"wpcf7-form init\" aria-label=\"Contact form\" novalidate=\"novalidate\" data-status=\"init\">\n<fieldset class=\"hidden-fields-container\"><input type=\"hidden\" name=\"_wpcf7\" value=\"8\" \/><input type=\"hidden\" name=\"_wpcf7_version\" value=\"6.1.5\" \/><input type=\"hidden\" name=\"_wpcf7_locale\" value=\"en_US\" \/><input type=\"hidden\" name=\"_wpcf7_unit_tag\" value=\"wpcf7-f8-o1\" \/><input type=\"hidden\" name=\"_wpcf7_container_post\" value=\"0\" \/><input type=\"hidden\" name=\"_wpcf7_posted_data_hash\" value=\"\" \/><input type=\"hidden\" name=\"_wpcf7_recaptcha_response\" value=\"\" \/>\n<\/fieldset>\n<div class=\"row\">\n\t<div class=\"col-lg-6\">\n\t\t<p><label> Nombre:* <span class=\"wpcf7-form-control-wrap\" data-name=\"nombre\"><input size=\"40\" maxlength=\"400\" class=\"wpcf7-form-control wpcf7-text wpcf7-validates-as-required\" aria-required=\"true\" aria-invalid=\"false\" value=\"\" type=\"text\" name=\"nombre\" \/><\/span> <\/label>\n\t\t<\/p>\n\t<\/div>\n\t<div class=\"col-lg-6\">\n\t\t<p><label> Correo:*<br \/>\n<span class=\"wpcf7-form-control-wrap\" data-name=\"correo\"><input size=\"40\" maxlength=\"400\" class=\"wpcf7-form-control wpcf7-email wpcf7-validates-as-required wpcf7-text wpcf7-validates-as-email\" aria-required=\"true\" aria-invalid=\"false\" value=\"\" type=\"email\" name=\"correo\" \/><\/span> <\/label>\n\t\t<\/p>\n\t<\/div>\n\t<div class=\"col-lg-12\">\n\t\t<p><label> Asunto:*<br \/>\n<span class=\"wpcf7-form-control-wrap\" data-name=\"asunto\"><input size=\"40\" maxlength=\"400\" class=\"wpcf7-form-control wpcf7-text wpcf7-validates-as-required\" aria-required=\"true\" aria-invalid=\"false\" value=\"\" type=\"text\" name=\"asunto\" \/><\/span> <\/label>\n\t\t<\/p>\n\t<\/div>\n\t<div class=\"col-lg-12\">\n\t\t<p><label> Mensaje:*<br \/>\n<span class=\"wpcf7-form-control-wrap\" data-name=\"Mensaje\"><textarea cols=\"40\" rows=\"10\" maxlength=\"2000\" class=\"wpcf7-form-control wpcf7-textarea wpcf7-validates-as-required\" aria-required=\"true\" aria-invalid=\"false\" name=\"Mensaje\"><\/textarea><\/span> <\/label>\n\t\t<\/p>\n\t<\/div>\n\t<div class=\"col-lg-12\">\n\t\t<p><input class=\"wpcf7-form-control wpcf7-submit has-spinner\" type=\"submit\" value=\"Enviar\" \/>\n\t\t<\/p>\n\t<\/div>\n<\/div><div class=\"wpcf7-response-output\" aria-hidden=\"true\"><\/div>\n<\/form>\n<\/div>\n<\/div>\n\t\t\t\t\t\t<\/div>\n\t\t\t\t<\/div>\n\t\t\t\t\t<\/div>\n\t\t<\/div>\n\t\t\t\t<div class=\"elementor-column elementor-col-50 elementor-top-column elementor-element elementor-element-014be70\" data-id=\"014be70\" data-element_type=\"column\" data-e-type=\"column\">\n\t\t\t<div class=\"elementor-widget-wrap elementor-element-populated\">\n\t\t\t\t\t\t<div class=\"elementor-element elementor-element-b334c91 elementor-widget elementor-widget-rt-title\" data-id=\"b334c91\" data-element_type=\"widget\" data-e-type=\"widget\" data-widget_type=\"rt-title.default\">\n\t\t\t\t<div class=\"elementor-widget-container\">\n\t\t\t\t\t<div class=\"rt-el-title section-heading style4\">\t\r\n        <h3 class=\"rtin-title title-bold color-dark title-bar\">Informes<\/h3>\t\r\n<\/div>\r\n\t\t\t\t<\/div>\n\t\t\t\t<\/div>\n\t\t\t\t<div class=\"elementor-element elementor-element-3452487 elementor-widget elementor-widget-text-editor\" data-id=\"3452487\" data-element_type=\"widget\" data-e-type=\"widget\" data-widget_type=\"text-editor.default\">\n\t\t\t\t<div class=\"elementor-widget-container\">\n\t\t\t\t\t\t\t\t\t<div class=\"fusion-text fusion-text-4 fusion-text-no-margin\">\n<p>Par\u00e1 mas informaci\u00f3n tambi\u00e9n te puedes contactar en:<\/p>\n<\/div>\t\t\t\t\t\t\t\t<\/div>\n\t\t\t\t<\/div>\n\t\t\t\t<div class=\"elementor-element elementor-element-faebddf elementor-widget elementor-widget-rt-contact\" data-id=\"faebddf\" data-element_type=\"widget\" data-e-type=\"widget\" data-widget_type=\"rt-contact.default\">\n\t\t\t\t<div class=\"elementor-widget-container\">\n\t\t\t\t\t<div class=\"rt-el-contact\">\r\n\t<ul>\r\n\t\t<li><i class=\"fa fa-phone\" aria-hidden=\"true\"><\/i> <a href=\"tel:+52 (442) 2120269 ext. 106, 107 y 117\">+52 (442) 2120269 ext. 106, 107 y 117<\/a><\/li><li><i class=\"fa fa-envelope-o\" aria-hidden=\"true\"><\/i> <a href=\"mailto:fonaholstein@holstein.com.mx\">fonaholstein@holstein.com.mx<\/a><\/li>\t<\/ul>\r\n<\/div>\t\t\t\t<\/div>\n\t\t\t\t<\/div>\n\t\t\t\t\t<\/div>\n\t\t<\/div>\n\t\t\t\t\t<\/div>\n\t\t<\/div>\n\t\t\t\t<\/div>\n\t\t","protected":false},"excerpt":{"rendered":"<p>\u00a1Cont\u00e1ctanos!\u00a0 \u00bfEst\u00e1s interesando en adquirir un stand o paquete de patrocinio en FONA Holstein 2026?Llena el formulario y en breve te contactaremos. Informes Par\u00e1 mas informaci\u00f3n tambi\u00e9n te puedes contactar en: +52 (442) 2120269 ext. 106, 107 y 117 fonaholstein@holstein.com.mx<\/p>\n","protected":false},"author":1,"featured_media":0,"parent":0,"menu_order":0,"comment_status":"closed","ping_status":"closed","template":"","meta":{"footnotes":""},"class_list":["post-548","page","type-page","status-publish","hentry"],"_links":{"self":[{"href":"https:\/\/fonaholstein.mx\/2026\/wp-json\/wp\/v2\/pages\/548","targetHints":{"allow":["GET"]}}],"collection":[{"href":"https:\/\/fonaholstein.mx\/2026\/wp-json\/wp\/v2\/pages"}],"about":[{"href":"https:\/\/fonaholstein.mx\/2026\/wp-json\/wp\/v2\/types\/page"}],"author":[{"embeddable":true,"href":"https:\/\/fonaholstein.mx\/2026\/wp-json\/wp\/v2\/users\/1"}],"replies":[{"embeddable":true,"href":"https:\/\/fonaholstein.mx\/2026\/wp-json\/wp\/v2\/comments?post=548"}],"version-history":[{"count":10,"href":"https:\/\/fonaholstein.mx\/2026\/wp-json\/wp\/v2\/pages\/548\/revisions"}],"predecessor-version":[{"id":2910,"href":"https:\/\/fonaholstein.mx\/2026\/wp-json\/wp\/v2\/pages\/548\/revisions\/2910"}],"wp:attachment":[{"href":"https:\/\/fonaholstein.mx\/2026\/wp-json\/wp\/v2\/media?parent=548"}],"curies":[{"name":"wp","href":"https:\/\/api.w.org\/{rel}","templated":true}]}}